{"id":241771,"date":"2021-11-10T17:40:09","date_gmt":"2021-11-10T16:40:09","guid":{"rendered":"https:\/\/www.borghettienrico.com\/resi-e-rimborsi\/"},"modified":"2021-11-10T17:40:11","modified_gmt":"2021-11-10T16:40:11","slug":"resi-e-rimborsi","status":"publish","type":"page","link":"https:\/\/www.borghettienrico.com\/en\/resi-e-rimborsi\/","title":{"rendered":"Resi e rimborsi"},"content":{"rendered":"<p>[et_pb_section fb_built=&#8221;1&#8243; custom_padding_last_edited=&#8221;on|phone&#8221; admin_label=&#8221;Map Section&#8221; _builder_version=&#8221;4.4.8&#8243; custom_margin=&#8221;|||||&#8221; custom_margin_phone=&#8221;0px|0px|0px|0px&#8221; custom_margin_last_edited=&#8221;off|phone&#8221; custom_padding=&#8221;70px||70px||true|&#8221; custom_padding_tablet=&#8221;50px||50px||true|false&#8221; custom_padding_phone=&#8221;30px||30px||true|false&#8221; bottom_divider_color=&#8221;#eef0f3&#8243;][et_pb_row use_custom_gutter=&#8221;on&#8221; gutter_width=&#8221;2&#8243; admin_label=&#8221;Section Header&#8221; _builder_version=&#8221;4.4.8&#8243; max_width=&#8221;1200px&#8221; custom_margin=&#8221;|158px||auto||&#8221; custom_padding=&#8221;0px||0px|||&#8221;][et_pb_column type=&#8221;4_4&#8243; _builder_version=&#8221;3.25&#8243; custom_padding=&#8221;|||&#8221; custom_padding__hover=&#8221;|||&#8221;][et_pb_text admin_label=&#8221;Tittle&#8221; _builder_version=&#8221;4.5.1&#8243; text_font=&#8221;||||||||&#8221; header_font=&#8221;||||||||&#8221; header_2_font=&#8221;Roboto|||on|||||&#8221; header_2_font_size=&#8221;40px&#8221; max_width=&#8221;100%&#8221; module_alignment=&#8221;center&#8221; custom_margin=&#8221;||0px||false|false&#8221; header_2_font_size_tablet=&#8221;35px&#8221; header_2_font_size_phone=&#8221;25px&#8221; header_2_font_size_last_edited=&#8221;on|phone&#8221;]<\/p>\n<h2>Resi e rimborsi<\/h2>\n<p>[\/et_pb_text][et_pb_text disabled_on=&#8221;off|off|off&#8221; admin_label=&#8221;Subtittle&#8221; _builder_version=&#8221;4.5.1&#8243; text_font=&#8221;Roboto|300|||||||&#8221; text_text_color=&#8221;#000000&#8243; text_font_size=&#8221;18px&#8221; text_line_height=&#8221;1.8em&#8221; header_font=&#8221;Oswald||||&#8221; header_font_size=&#8221;16px&#8221; header_letter_spacing=&#8221;2px&#8221; header_line_height=&#8221;1.7em&#8221; text_orientation=&#8221;justified&#8221; max_width=&#8221;100%&#8221; max_width_last_edited=&#8221;off|desktop&#8221; module_alignment=&#8221;center&#8221; custom_margin=&#8221;||||false|false&#8221; text_font_size_tablet=&#8221;&#8221; text_font_size_phone=&#8221;16px&#8221; text_font_size_last_edited=&#8221;on|desktop&#8221; text_text_align=&#8221;justify&#8221;]<\/p>\n<p> E\u2019 possibile effettuare il reso entro 14 giorni, gli articoli non devono essere stati alterati in alcun modo e restituiti con cosi come ricevuti.<\/p>\n<p>NB. L&#8217;articolo restituito deve arrivare alla nostra sede senza che siano passati i 14 giorni dalla data di consegna. Ti consigliamo di spedire entro 7 giorni dalla data di consegna per assicurarti che arrivi entro 14 giorni. Le spese di spedizione sostenute per la restituzione di articoli per un rimborso non sono coperte n\u00e9 rimborsate da Borghetti Enrico S.R.L. La restituzione della merce \u00e8 a carico del cliente, raccomandiamo di utilizzare un qualsiasi servizio tracciabile.<\/p>\n<p>l&#8217;indirizzo per la restituzione \u00e8: <br \/>BORGHETTI ENRICO S.R.L. VIA ROMA N. 50, PREMANA (LC) 23834. IL CLIENTE DEVE RISPEDIRE LA MERCE INSIEME ALLA COPIA DELL&#8217;ORDINE RICEVUTA IN EMAIL, QUINDI BISOGNA STAMPARE LA MAIL DELLA CONFERMA D&#8217;ORDINE E INSERIRLO NEL PACCO.<\/p>\n<p>Una volta ricevuto il Pacco entro 10 gg lavorativi verr\u00e0\u2019 effettuato il rimborso e il cliente ricever\u00e0 una mail di notifica dell\u2019avvenuto rimborso. L&#8217;importo del rimborso corrisponder\u00e0 al costo dei prodotti resi. L&#8217;importo del costo di spedizione non sar\u00e0 incluso nel rimborso. Il rimborso sar\u00e0 emesso nella stessa valuta e sullo stesso metodo utilizzato per l\u2019acquisto originale. Per gli ordini pagati con Carta di Credito o carte prepagate l\u2019importo rimborsato sar\u00e0 disponibile per i clienti in circa 10 giorni, e sar\u00e0 comunque visibile sul successivo estratto conto della carta. La tempistica pu\u00f2 variare leggermente in base al circuito bancario della Carta di Credito utilizzata.<\/p>\n<p>QUALORA IL CLIENTE NON PAGA LE SPESE DI SPEDIZIONE AL MOMENTO DELL&#8217;ACQUISTO (PER QUALSIASI RAGIONE, PROMOZIONE ECT) LE SPESE DI SPEDIZIONE DI INVIO SOSTENUTE DA NOI (6 EURO) VERRANNO SOTTRATTE DAL TOTALE DEL RIMBORSO, NON VERRANNO IN ALCUN CASO RIMBORSATE. <\/p>\n<p>[\/et_pb_text][\/et_pb_column][\/et_pb_row][\/et_pb_section][et_pb_section fb_built=&#8221;1&#8243; custom_padding_last_edited=&#8221;on|desktop&#8221; admin_label=&#8221;Coffee Menu&#8221; _builder_version=&#8221;4.4.8&#8243; background_color=&#8221;#000000&#8243; custom_padding=&#8221;50px||50px||false|false&#8221; custom_padding_tablet=&#8221;30px||30px||true|false&#8221; custom_padding_phone=&#8221;15px||15px||true|false&#8221; global_module=&#8221;236148&#8243; saved_tabs=&#8221;all&#8221;][et_pb_row column_structure=&#8221;1_3,1_3,1_3&#8243; use_custom_gutter=&#8221;on&#8221; gutter_width=&#8221;2&#8243; _builder_version=&#8221;4.6.1&#8243; max_width=&#8221;1200px&#8221;][et_pb_column type=&#8221;1_3&#8243; _builder_version=&#8221;3.25&#8243; custom_padding=&#8221;|||&#8221; custom_padding__hover=&#8221;|||&#8221;][et_pb_blurb title=&#8221;SHIPPING&#8221; use_icon=&#8221;on&#8221; font_icon=&#8221;%%114%%&#8221; icon_color=&#8221;#ffffff&#8221; icon_placement=&#8221;left&#8221; _builder_version=&#8221;4.6.1&#8243; header_font=&#8221;Roboto||||||||&#8221; header_text_color=&#8221;#ffffff&#8221; header_font_size=&#8221;16px&#8221; header_line_height=&#8221;1.3em&#8221; body_font=&#8221;Roboto||||||||&#8221; body_text_color=&#8221;#ffffff&#8221; body_font_size=&#8221;15px&#8221; animation=&#8221;off&#8221;]<\/p>\n<p>Shipping 24\/48 hours. Costo spedizione \u20ac 6,00. Ordini superiore a \u20ac 40,00 spedizione gratuita.<\/p>\n<p>[\/et_pb_blurb][\/et_pb_column][et_pb_column type=&#8221;1_3&#8243; _builder_version=&#8221;3.25&#8243; custom_padding=&#8221;|||&#8221; custom_padding__hover=&#8221;|||&#8221;][et_pb_blurb title=&#8221;SECURE PAYMENT&#8221; use_icon=&#8221;on&#8221; font_icon=&#8221;%%93%%&#8221; icon_color=&#8221;#ffffff&#8221; icon_placement=&#8221;left&#8221; _builder_version=&#8221;4.6.1&#8243; header_font=&#8221;Roboto||||||||&#8221; header_text_color=&#8221;#ffffff&#8221; header_font_size=&#8221;16px&#8221; header_line_height=&#8221;1.3em&#8221; body_font=&#8221;Roboto||||||||&#8221; body_text_color=&#8221;#ffffff&#8221; body_font_size=&#8221;15px&#8221; body_link_font=&#8221;||||on||||&#8221; body_link_text_color=&#8221;#ffffff&#8221; background_layout=&#8221;dark&#8221; animation=&#8221;off&#8221;]<\/p>\n<p>Pagamento sicuro tramite PayPal con la tua carta di credito.<\/p>\n<p>[\/et_pb_blurb][\/et_pb_column][et_pb_column type=&#8221;1_3&#8243; _builder_version=&#8221;3.25&#8243; custom_padding=&#8221;|||&#8221; custom_padding__hover=&#8221;|||&#8221;][et_pb_blurb title=&#8221;RETURNS AND REFUNDS&#8221; use_icon=&#8221;on&#8221; font_icon=&#8221;%%135%%&#8221; icon_color=&#8221;#ffffff&#8221; icon_placement=&#8221;left&#8221; _builder_version=&#8221;4.6.1&#8243; header_font=&#8221;Roboto||||||||&#8221; header_text_color=&#8221;#ffffff&#8221; header_font_size=&#8221;16px&#8221; header_line_height=&#8221;1.3em&#8221; body_font=&#8221;Roboto||||||||&#8221; body_text_color=&#8221;#ffffff&#8221; body_font_size=&#8221;15px&#8221; body_link_font=&#8221;||||on||||&#8221; body_link_text_color=&#8221;#ffffff&#8221; background_layout=&#8221;dark&#8221; animation=&#8221;off&#8221;]<\/p>\n<p>Returns are possible within 14 days. <a href=\"https:\/\/www.borghettienrico.com\/\/en\/resi-e-rimborsi\/\">More info<\/a><\/p>\n<p>[\/et_pb_blurb][\/et_pb_column][\/et_pb_row][\/et_pb_section]<\/p>\n","protected":false},"excerpt":{"rendered":"<p>Resi e rimborsi E\u2019 possibile effettuare il reso entro 14 giorni, gli articoli non devono essere stati alterati in alcun modo e restituiti con cosi come ricevuti. NB. L&#8217;articolo restituito deve arrivare alla nostra sede senza che siano passati i 14 giorni dalla data di consegna. Ti consigliamo di spedire entro 7 giorni dalla data [&hellip;]<\/p>\n","protected":false},"author":38,"featured_media":0,"parent":0,"menu_order":0,"comment_status":"closed","ping_status":"closed","template":"","meta":{"_et_pb_use_builder":"on","_et_pb_old_content":"","_et_gb_content_width":"","_joinchat":[],"footnotes":""},"class_list":["post-241771","page","type-page","status-publish","hentry"],"yoast_head":"<!-- This site is optimized with the Yoast SEO plugin v27.5 - https:\/\/yoast.com\/product\/yoast-seo-wordpress\/ -->\n<title>Resi e rimborsi - Borghetti Enrico<\/title>\n<meta name=\"robots\" content=\"index, follow, max-snippet:-1, max-image-preview:large, max-video-preview:-1\" \/>\n<link rel=\"canonical\" href=\"https:\/\/www.borghettienrico.com\/resi-rimborsi\/\" \/>\n<meta property=\"og:locale\" content=\"en_US\" \/>\n<meta property=\"og:type\" content=\"article\" \/>\n<meta property=\"og:title\" content=\"Resi e rimborsi - Borghetti Enrico\" \/>\n<meta property=\"og:description\" content=\"Resi e rimborsi E\u2019 possibile effettuare il reso entro 14 giorni, gli articoli non devono essere stati alterati in alcun modo e restituiti con cosi come ricevuti. NB. L&#039;articolo restituito deve arrivare alla nostra sede senza che siano passati i 14 giorni dalla data di consegna. Ti consigliamo di spedire entro 7 giorni dalla data [&hellip;]\" \/>\n<meta property=\"og:url\" content=\"https:\/\/www.borghettienrico.com\/resi-rimborsi\/\" \/>\n<meta property=\"og:site_name\" content=\"Borghetti Enrico\" \/>\n<meta property=\"article:publisher\" content=\"https:\/\/www.facebook.com\/borghettipharma\/\" \/>\n<meta property=\"article:modified_time\" content=\"2021-11-10T16:40:11+00:00\" \/>\n<meta name=\"twitter:card\" content=\"summary_large_image\" \/>\n<meta name=\"twitter:label1\" content=\"Est. reading time\" \/>\n\t<meta name=\"twitter:data1\" content=\"4 minutes\" \/>\n<script type=\"application\/ld+json\" class=\"yoast-schema-graph\">{\"@context\":\"https:\\\/\\\/schema.org\",\"@graph\":[{\"@type\":\"WebPage\",\"@id\":\"https:\\\/\\\/www.borghettienrico.com\\\/resi-rimborsi\\\/\",\"url\":\"https:\\\/\\\/www.borghettienrico.com\\\/resi-rimborsi\\\/\",\"name\":\"Resi e rimborsi - Borghetti Enrico\",\"isPartOf\":{\"@id\":\"https:\\\/\\\/www.borghettienrico.com\\\/#website\"},\"datePublished\":\"2021-11-10T16:40:09+00:00\",\"dateModified\":\"2021-11-10T16:40:11+00:00\",\"breadcrumb\":{\"@id\":\"https:\\\/\\\/www.borghettienrico.com\\\/resi-rimborsi\\\/#breadcrumb\"},\"inLanguage\":\"en-US\",\"potentialAction\":[{\"@type\":\"ReadAction\",\"target\":[\"https:\\\/\\\/www.borghettienrico.com\\\/resi-rimborsi\\\/\"]}]},{\"@type\":\"BreadcrumbList\",\"@id\":\"https:\\\/\\\/www.borghettienrico.com\\\/resi-rimborsi\\\/#breadcrumb\",\"itemListElement\":[{\"@type\":\"ListItem\",\"position\":1,\"name\":\"Home\",\"item\":\"https:\\\/\\\/www.borghettienrico.com\\\/\"},{\"@type\":\"ListItem\",\"position\":2,\"name\":\"Resi e rimborsi\"}]},{\"@type\":\"WebSite\",\"@id\":\"https:\\\/\\\/www.borghettienrico.com\\\/#website\",\"url\":\"https:\\\/\\\/www.borghettienrico.com\\\/\",\"name\":\"Borghetti Enrico\",\"description\":\"Vendita online di forbici professionali manicure e pedicure\",\"publisher\":{\"@id\":\"https:\\\/\\\/www.borghettienrico.com\\\/#organization\"},\"potentialAction\":[{\"@type\":\"SearchAction\",\"target\":{\"@type\":\"EntryPoint\",\"urlTemplate\":\"https:\\\/\\\/www.borghettienrico.com\\\/?s={search_term_string}\"},\"query-input\":{\"@type\":\"PropertyValueSpecification\",\"valueRequired\":true,\"valueName\":\"search_term_string\"}}],\"inLanguage\":\"en-US\"},{\"@type\":\"Organization\",\"@id\":\"https:\\\/\\\/www.borghettienrico.com\\\/#organization\",\"name\":\"Borghetti Pharma\",\"url\":\"https:\\\/\\\/www.borghettienrico.com\\\/\",\"logo\":{\"@type\":\"ImageObject\",\"inLanguage\":\"en-US\",\"@id\":\"https:\\\/\\\/www.borghettienrico.com\\\/#\\\/schema\\\/logo\\\/image\\\/\",\"url\":\"https:\\\/\\\/www.borghettienrico.com\\\/\\\/wp-content\\\/uploads\\\/2020\\\/06\\\/logo-borghetti_enrico.png\",\"contentUrl\":\"https:\\\/\\\/www.borghettienrico.com\\\/\\\/wp-content\\\/uploads\\\/2020\\\/06\\\/logo-borghetti_enrico.png\",\"width\":367,\"height\":119,\"caption\":\"Borghetti Pharma\"},\"image\":{\"@id\":\"https:\\\/\\\/www.borghettienrico.com\\\/#\\\/schema\\\/logo\\\/image\\\/\"},\"sameAs\":[\"https:\\\/\\\/www.facebook.com\\\/borghettipharma\\\/\",\"https:\\\/\\\/www.instagram.com\\\/borghettipharma\\\/\"]}]}<\/script>\n<!-- \/ Yoast SEO plugin. -->","yoast_head_json":{"title":"Resi e rimborsi - Borghetti Enrico","robots":{"index":"index","follow":"follow","max-snippet":"max-snippet:-1","max-image-preview":"max-image-preview:large","max-video-preview":"max-video-preview:-1"},"canonical":"https:\/\/www.borghettienrico.com\/resi-rimborsi\/","og_locale":"en_US","og_type":"article","og_title":"Resi e rimborsi - Borghetti Enrico","og_description":"Resi e rimborsi E\u2019 possibile effettuare il reso entro 14 giorni, gli articoli non devono essere stati alterati in alcun modo e restituiti con cosi come ricevuti. NB. L'articolo restituito deve arrivare alla nostra sede senza che siano passati i 14 giorni dalla data di consegna. Ti consigliamo di spedire entro 7 giorni dalla data [&hellip;]","og_url":"https:\/\/www.borghettienrico.com\/resi-rimborsi\/","og_site_name":"Borghetti Enrico","article_publisher":"https:\/\/www.facebook.com\/borghettipharma\/","article_modified_time":"2021-11-10T16:40:11+00:00","twitter_card":"summary_large_image","twitter_misc":{"Est. reading time":"4 minutes"},"schema":{"@context":"https:\/\/schema.org","@graph":[{"@type":"WebPage","@id":"https:\/\/www.borghettienrico.com\/resi-rimborsi\/","url":"https:\/\/www.borghettienrico.com\/resi-rimborsi\/","name":"Resi e rimborsi - Borghetti Enrico","isPartOf":{"@id":"https:\/\/www.borghettienrico.com\/#website"},"datePublished":"2021-11-10T16:40:09+00:00","dateModified":"2021-11-10T16:40:11+00:00","breadcrumb":{"@id":"https:\/\/www.borghettienrico.com\/resi-rimborsi\/#breadcrumb"},"inLanguage":"en-US","potentialAction":[{"@type":"ReadAction","target":["https:\/\/www.borghettienrico.com\/resi-rimborsi\/"]}]},{"@type":"BreadcrumbList","@id":"https:\/\/www.borghettienrico.com\/resi-rimborsi\/#breadcrumb","itemListElement":[{"@type":"ListItem","position":1,"name":"Home","item":"https:\/\/www.borghettienrico.com\/"},{"@type":"ListItem","position":2,"name":"Resi e rimborsi"}]},{"@type":"WebSite","@id":"https:\/\/www.borghettienrico.com\/#website","url":"https:\/\/www.borghettienrico.com\/","name":"Borghetti Enrico","description":"Vendita online di forbici professionali manicure e pedicure","publisher":{"@id":"https:\/\/www.borghettienrico.com\/#organization"},"potentialAction":[{"@type":"SearchAction","target":{"@type":"EntryPoint","urlTemplate":"https:\/\/www.borghettienrico.com\/?s={search_term_string}"},"query-input":{"@type":"PropertyValueSpecification","valueRequired":true,"valueName":"search_term_string"}}],"inLanguage":"en-US"},{"@type":"Organization","@id":"https:\/\/www.borghettienrico.com\/#organization","name":"Borghetti Pharma","url":"https:\/\/www.borghettienrico.com\/","logo":{"@type":"ImageObject","inLanguage":"en-US","@id":"https:\/\/www.borghettienrico.com\/#\/schema\/logo\/image\/","url":"https:\/\/www.borghettienrico.com\/\/wp-content\/uploads\/2020\/06\/logo-borghetti_enrico.png","contentUrl":"https:\/\/www.borghettienrico.com\/\/wp-content\/uploads\/2020\/06\/logo-borghetti_enrico.png","width":367,"height":119,"caption":"Borghetti Pharma"},"image":{"@id":"https:\/\/www.borghettienrico.com\/#\/schema\/logo\/image\/"},"sameAs":["https:\/\/www.facebook.com\/borghettipharma\/","https:\/\/www.instagram.com\/borghettipharma\/"]}]}},"_links":{"self":[{"href":"https:\/\/www.borghettienrico.com\/en\/wp-json\/wp\/v2\/pages\/241771","targetHints":{"allow":["GET"]}}],"collection":[{"href":"https:\/\/www.borghettienrico.com\/en\/wp-json\/wp\/v2\/pages"}],"about":[{"href":"https:\/\/www.borghettienrico.com\/en\/wp-json\/wp\/v2\/types\/page"}],"author":[{"embeddable":true,"href":"https:\/\/www.borghettienrico.com\/en\/wp-json\/wp\/v2\/users\/38"}],"replies":[{"embeddable":true,"href":"https:\/\/www.borghettienrico.com\/en\/wp-json\/wp\/v2\/comments?post=241771"}],"version-history":[{"count":5,"href":"https:\/\/www.borghettienrico.com\/en\/wp-json\/wp\/v2\/pages\/241771\/revisions"}],"predecessor-version":[{"id":241776,"href":"https:\/\/www.borghettienrico.com\/en\/wp-json\/wp\/v2\/pages\/241771\/revisions\/241776"}],"wp:attachment":[{"href":"https:\/\/www.borghettienrico.com\/en\/wp-json\/wp\/v2\/media?parent=241771"}],"curies":[{"name":"wp","href":"https:\/\/api.w.org\/{rel}","templated":true}]}}